{"id":209,"date":"2022-04-11T13:56:34","date_gmt":"2022-04-11T13:56:34","guid":{"rendered":"https:\/\/malina-art.de\/?page_id=209"},"modified":"2025-06-16T07:18:18","modified_gmt":"2025-06-16T07:18:18","slug":"day-of-papeterie","status":"publish","type":"page","link":"https:\/\/malina-art.de\/en\/day-of-papeterie\/","title":{"rendered":"Day-Of Paper Goods"},"content":{"rendered":"<div data-elementor-type=\"wp-page\" data-elementor-id=\"209\" class=\"elementor elementor-209\">\n\t\t\t\t\t\t<section class=\"elementor-section elementor-top-section elementor-element elementor-element-67aa0d4 elementor-section-content-middle envato-kit-141 elementor-section-full_width elementor-section-height-default elementor-section-height-default\" data-id=\"67aa0d4\" data-element_type=\"section\" data-e-type=\"section\" data-settings=\"{&quot;background_background&quot;:&quot;classic&quot;}\">\n\t\t\t\t\t\t\t<div class=\"elementor-background-overlay\"><\/div>\n\t\t\t\t\t\t\t<div class=\"elementor-container elementor-column-gap-wide\">\n\t\t\t\t\t<div class=\"elementor-column elementor-col-100 elementor-top-column elementor-element elementor-element-c54b989\" data-id=\"c54b989\" data-element_type=\"column\" data-e-type=\"column\">\n\t\t\t<div class=\"elementor-widget-wrap elementor-element-populated\">\n\t\t\t\t\t\t<div class=\"elementor-element elementor-element-b6cd26f elementor-invisible elementor-widget elementor-widget-heading\" data-id=\"b6cd26f\" data-element_type=\"widget\" data-e-type=\"widget\" data-settings=\"{&quot;_animation&quot;:&quot;fadeInUp&quot;}\" data-widget_type=\"heading.default\">\n\t\t\t\t<div class=\"elementor-widget-container\">\n\t\t\t\t\t<h2 class=\"elementor-heading-title elementor-size-default\">- Endless possibilities -<\/h2>\t\t\t\t<\/div>\n\t\t\t\t<\/div>\n\t\t\t\t<div class=\"elementor-element elementor-element-40d7f0b elementor-invisible elementor-widget elementor-widget-heading\" data-id=\"40d7f0b\" data-element_type=\"widget\" data-e-type=\"widget\" data-settings=\"{&quot;_animation&quot;:&quot;fadeIn&quot;,&quot;_animation_delay&quot;:100}\" data-widget_type=\"heading.default\">\n\t\t\t\t<div class=\"elementor-widget-container\">\n\t\t\t\t\t<h2 class=\"elementor-heading-title elementor-size-default\">Day-Of Paper Goods<\/h2>\t\t\t\t<\/div>\n\t\t\t\t<\/div>\n\t\t\t\t<div class=\"elementor-element elementor-element-426cef4 elementor-widget-divider--view-line elementor-invisible elementor-widget elementor-widget-divider\" data-id=\"426cef4\" data-element_type=\"widget\" data-e-type=\"widget\" data-settings=\"{&quot;_animation&quot;:&quot;fadeIn&quot;,&quot;_animation_delay&quot;:300}\" data-widget_type=\"divider.default\">\n\t\t\t\t<div class=\"elementor-widget-container\">\n\t\t\t\t\t\t\t<div class=\"elementor-divider\">\n\t\t\t<span class=\"elementor-divider-separator\">\n\t\t\t\t\t\t<\/span>\n\t\t<\/div>\n\t\t\t\t\t\t<\/div>\n\t\t\t\t<\/div>\n\t\t\t\t<section class=\"elementor-section elementor-inner-section elementor-element elementor-element-05b8451 elementor-section-height-min-height elementor-section-boxed elementor-section-height-default\" data-id=\"05b8451\" data-element_type=\"section\" data-e-type=\"section\">\n\t\t\t\t\t\t<div class=\"elementor-container elementor-column-gap-default\">\n\t\t\t\t\t<div class=\"elementor-column elementor-col-100 elementor-inner-column elementor-element elementor-element-cbabcbd\" data-id=\"cbabcbd\" data-element_type=\"column\" data-e-type=\"column\">\n\t\t\t<div class=\"elementor-widget-wrap elementor-element-populated\">\n\t\t\t\t\t\t<div class=\"elementor-element elementor-element-1463ec6 elementor-invisible elementor-widget elementor-widget-heading\" data-id=\"1463ec6\" data-element_type=\"widget\" data-e-type=\"widget\" data-settings=\"{&quot;_animation&quot;:&quot;fadeIn&quot;,&quot;_animation_delay&quot;:150}\" data-widget_type=\"heading.default\">\n\t\t\t\t<div class=\"elementor-widget-container\">\n\t\t\t\t\t<h2 class=\"elementor-heading-title elementor-size-default\">Day-Of stationery can be very versatile and enhance the tables. Name cards, menu cards or guest favours are examined and accompany your favourite people the whole day. Most stationery is even taken away as a souvenir to reminisce about later.<\/h2>\t\t\t\t<\/div>\n\t\t\t\t<\/div>\n\t\t\t\t<div class=\"elementor-element elementor-element-5e1ceac elementor-widget elementor-widget-button\" data-id=\"5e1ceac\" data-element_type=\"widget\" data-e-type=\"widget\" data-widget_type=\"button.default\">\n\t\t\t\t<div class=\"elementor-widget-container\">\n\t\t\t\t\t\t\t\t\t<div class=\"elementor-button-wrapper\">\n\t\t\t\t\t<a class=\"elementor-button elementor-button-link elementor-size-sm\" href=\"https:\/\/malina-art.de\/en\/kontakt\/\">\n\t\t\t\t\t\t<span class=\"elementor-button-content-wrapper\">\n\t\t\t\t\t\t\t\t\t<span class=\"elementor-button-text\">TO THE REQUEST<\/span>\n\t\t\t\t\t<\/span>\n\t\t\t\t\t<\/a>\n\t\t\t\t<\/div>\n\t\t\t\t\t\t\t\t<\/div>\n\t\t\t\t<\/div>\n\t\t\t\t\t<\/div>\n\t\t<\/div>\n\t\t\t\t\t<\/div>\n\t\t<\/section>\n\t\t\t\t\t<\/div>\n\t\t<\/div>\n\t\t\t\t\t<\/div>\n\t\t<\/section>\n\t\t\t\t<section class=\"elementor-section elementor-top-section elementor-element elementor-element-47bbfa18 envato-kit-141 elementor-section-boxed elementor-section-height-default elementor-section-height-default\" data-id=\"47bbfa18\" data-element_type=\"section\" data-e-type=\"section\" data-settings=\"{&quot;background_background&quot;:&quot;classic&quot;}\">\n\t\t\t\t\t\t\t<div class=\"elementor-background-overlay\"><\/div>\n\t\t\t\t\t\t\t<div class=\"elementor-container elementor-column-gap-no\">\n\t\t\t\t\t<div class=\"elementor-column elementor-col-50 elementor-top-column elementor-element elementor-element-37435ad6\" data-id=\"37435ad6\" data-element_type=\"column\" data-e-type=\"column\">\n\t\t\t<div class=\"elementor-widget-wrap elementor-element-populated\">\n\t\t\t\t\t\t<div class=\"elementor-element elementor-element-242ce3e5 elementor-invisible elementor-widget elementor-widget-image\" data-id=\"242ce3e5\" data-element_type=\"widget\" data-e-type=\"widget\" data-settings=\"{&quot;_animation&quot;:&quot;fadeIn&quot;,&quot;_animation_delay&quot;:100}\" data-widget_type=\"image.default\">\n\t\t\t\t<div class=\"elementor-widget-container\">\n\t\t\t\t\t\t\t\t\t\t\t\t\t\t\t\t<a href=\"http:\/\/malina-art.de\/wp-content\/uploads\/2023\/05\/TrueLove_3-2.jpg\" data-elementor-open-lightbox=\"yes\" data-elementor-lightbox-title=\"Namenskarten | Name cards\" data-e-action-hash=\"#elementor-action%3Aaction%3Dlightbox%26settings%3DeyJpZCI6Mjk2MSwidXJsIjoiaHR0cHM6XC9cL21hbGluYS1hcnQuZGVcL3dwLWNvbnRlbnRcL3VwbG9hZHNcLzIwMjNcLzA1XC9UcnVlTG92ZV8zLTIuanBnIn0%3D\">\n\t\t\t\t\t\t\t<img decoding=\"async\" src=\"https:\/\/malina-art.de\/wp-content\/uploads\/2023\/05\/TrueLove_3-2.jpg\" title=\"Namenskarten | Name cards\" alt=\"Namenskarten | Name cards\" loading=\"lazy\" \/>\t\t\t\t\t\t\t\t<\/a>\n\t\t\t\t\t\t\t\t\t\t\t\t\t\t\t<\/div>\n\t\t\t\t<\/div>\n\t\t\t\t<div class=\"elementor-element elementor-element-600b693 elementor-invisible elementor-widget elementor-widget-image\" data-id=\"600b693\" data-element_type=\"widget\" data-e-type=\"widget\" data-settings=\"{&quot;_animation&quot;:&quot;fadeIn&quot;,&quot;_animation_delay&quot;:300}\" data-widget_type=\"image.default\">\n\t\t\t\t<div class=\"elementor-widget-container\">\n\t\t\t\t\t\t\t\t\t\t\t\t\t\t\t\t<a href=\"http:\/\/malina-art.de\/wp-content\/uploads\/2023\/09\/IMG_4399-scaled.jpg\" data-elementor-open-lightbox=\"yes\" data-elementor-lightbox-title=\"Men\u00fckarten mit Seidenschleife | Menue card with silk ribbon\" data-e-action-hash=\"#elementor-action%3Aaction%3Dlightbox%26settings%3DeyJpZCI6MzA3NCwidXJsIjoiaHR0cHM6XC9cL21hbGluYS1hcnQuZGVcL3dwLWNvbnRlbnRcL3VwbG9hZHNcLzIwMjNcLzA5XC9JTUdfNDM5OS1zY2FsZWQuanBnIn0%3D\">\n\t\t\t\t\t\t\t<img decoding=\"async\" src=\"https:\/\/malina-art.de\/wp-content\/uploads\/2023\/09\/IMG_4399-scaled.jpg\" title=\"Men\u00fckarten mit Seidenschleife | Menue card with silk ribbon\" alt=\"Men\u00fckarten mit Seidenschleife | Menue card with silk ribbon\" loading=\"lazy\" \/>\t\t\t\t\t\t\t\t<\/a>\n\t\t\t\t\t\t\t\t\t\t\t\t\t\t\t<\/div>\n\t\t\t\t<\/div>\n\t\t\t\t<div class=\"elementor-element elementor-element-c4db682 elementor-invisible elementor-widget elementor-widget-image\" data-id=\"c4db682\" data-element_type=\"widget\" data-e-type=\"widget\" data-settings=\"{&quot;_animation&quot;:&quot;fadeIn&quot;,&quot;_animation_delay&quot;:300}\" data-widget_type=\"image.default\">\n\t\t\t\t<div class=\"elementor-widget-container\">\n\t\t\t\t\t\t\t\t\t\t\t\t\t\t\t\t<a href=\"http:\/\/malina-art.de\/wp-content\/uploads\/2023\/09\/IMG_4451-scaled.jpg\" data-elementor-open-lightbox=\"yes\" data-elementor-lightbox-title=\"Runde Men\u00fckarten | Round menue cards\" data-e-action-hash=\"#elementor-action%3Aaction%3Dlightbox%26settings%3DeyJpZCI6MzA3NiwidXJsIjoiaHR0cHM6XC9cL21hbGluYS1hcnQuZGVcL3dwLWNvbnRlbnRcL3VwbG9hZHNcLzIwMjNcLzA5XC9JTUdfNDQ1MS1zY2FsZWQuanBnIn0%3D\">\n\t\t\t\t\t\t\t<img decoding=\"async\" src=\"https:\/\/malina-art.de\/wp-content\/uploads\/2023\/09\/IMG_4451-scaled.jpg\" title=\"Runde Men\u00fckarten | Round menue cards\" alt=\"Runde Men\u00fckarten | Round menue cards\" loading=\"lazy\" \/>\t\t\t\t\t\t\t\t<\/a>\n\t\t\t\t\t\t\t\t\t\t\t\t\t\t\t<\/div>\n\t\t\t\t<\/div>\n\t\t\t\t<section class=\"elementor-section elementor-inner-section elementor-element elementor-element-2550db0 elementor-section-boxed elementor-section-height-default elementor-section-height-default\" data-id=\"2550db0\" data-element_type=\"section\" data-e-type=\"section\">\n\t\t\t\t\t\t<div class=\"elementor-container elementor-column-gap-no\">\n\t\t\t\t\t<div class=\"elementor-column elementor-col-100 elementor-inner-column elementor-element elementor-element-9c419f2\" data-id=\"9c419f2\" data-element_type=\"column\" data-e-type=\"column\">\n\t\t\t<div class=\"elementor-widget-wrap\">\n\t\t\t\t\t\t\t<\/div>\n\t\t<\/div>\n\t\t\t\t\t<\/div>\n\t\t<\/section>\n\t\t\t\t<section class=\"elementor-section elementor-inner-section elementor-element elementor-element-6d98360 elementor-section-boxed elementor-section-height-default elementor-section-height-default\" data-id=\"6d98360\" data-element_type=\"section\" data-e-type=\"section\">\n\t\t\t\t\t\t<div class=\"elementor-container elementor-column-gap-no\">\n\t\t\t\t\t<div class=\"elementor-column elementor-col-100 elementor-inner-column elementor-element elementor-element-5cf27d0\" data-id=\"5cf27d0\" data-element_type=\"column\" data-e-type=\"column\">\n\t\t\t<div class=\"elementor-widget-wrap elementor-element-populated\">\n\t\t\t\t\t\t<div class=\"elementor-element elementor-element-cf09e43 elementor-invisible elementor-widget elementor-widget-image\" data-id=\"cf09e43\" data-element_type=\"widget\" data-e-type=\"widget\" data-settings=\"{&quot;_animation&quot;:&quot;fadeIn&quot;,&quot;_animation_delay&quot;:300}\" data-widget_type=\"image.default\">\n\t\t\t\t<div class=\"elementor-widget-container\">\n\t\t\t\t\t\t\t\t\t\t\t\t\t\t\t\t<a href=\"http:\/\/malina-art.de\/wp-content\/uploads\/2023\/09\/AlineAndi-32-scaled.jpg\" data-elementor-open-lightbox=\"yes\" data-elementor-lightbox-title=\"Men\u00fckarten aus Stoff | Fabric menue cards\" data-e-action-hash=\"#elementor-action%3Aaction%3Dlightbox%26settings%3DeyJpZCI6MzA3OCwidXJsIjoiaHR0cHM6XC9cL21hbGluYS1hcnQuZGVcL3dwLWNvbnRlbnRcL3VwbG9hZHNcLzIwMjNcLzA5XC9BbGluZUFuZGktMzItc2NhbGVkLmpwZyJ9\">\n\t\t\t\t\t\t\t<img decoding=\"async\" src=\"https:\/\/malina-art.de\/wp-content\/uploads\/2023\/09\/AlineAndi-32-scaled.jpg\" title=\"Men\u00fckarten aus Stoff | Fabric menue cards\" alt=\"Men\u00fckarten aus Stoff | Fabric menue cards\" loading=\"lazy\" \/>\t\t\t\t\t\t\t\t<\/a>\n\t\t\t\t\t\t\t\t\t\t\t\t\t\t\t<\/div>\n\t\t\t\t<\/div>\n\t\t\t\t<div class=\"elementor-element elementor-element-235a631 elementor-invisible elementor-widget elementor-widget-image\" data-id=\"235a631\" data-element_type=\"widget\" data-e-type=\"widget\" data-settings=\"{&quot;_animation&quot;:&quot;fadeIn&quot;,&quot;_animation_delay&quot;:300}\" data-widget_type=\"image.default\">\n\t\t\t\t<div class=\"elementor-widget-container\">\n\t\t\t\t\t\t\t\t\t\t\t\t\t\t\t\t<a href=\"http:\/\/malina-art.de\/wp-content\/uploads\/2023\/09\/Marvelous-magnolia_Mannheim-Opus-V-michelin-star-restaurant-wedding-Germany_Hochzeitsfotograf_destination-wedding-photographer-SELENE-ADORES_783_ROV03112-scaled.jpg\" data-elementor-open-lightbox=\"yes\" data-elementor-lightbox-title=\"Hangesch\u00f6pftes Paper, Blattgold, Wachssiegel | Handmade Paper, gold leaf, waxseal\" data-e-action-hash=\"#elementor-action%3Aaction%3Dlightbox%26settings%3DeyJpZCI6MzA3OSwidXJsIjoiaHR0cHM6XC9cL21hbGluYS1hcnQuZGVcL3dwLWNvbnRlbnRcL3VwbG9hZHNcLzIwMjNcLzA5XC9NYXJ2ZWxvdXMtbWFnbm9saWFfTWFubmhlaW0tT3B1cy1WLW1pY2hlbGluLXN0YXItcmVzdGF1cmFudC13ZWRkaW5nLUdlcm1hbnlfSG9jaHplaXRzZm90b2dyYWZfZGVzdGluYXRpb24td2VkZGluZy1waG90b2dyYXBoZXItU0VMRU5FLUFET1JFU183ODNfUk9WMDMxMTItc2NhbGVkLmpwZyJ9\">\n\t\t\t\t\t\t\t<img decoding=\"async\" src=\"https:\/\/malina-art.de\/wp-content\/uploads\/2023\/09\/Marvelous-magnolia_Mannheim-Opus-V-michelin-star-restaurant-wedding-Germany_Hochzeitsfotograf_destination-wedding-photographer-SELENE-ADORES_783_ROV03112-scaled.jpg\" title=\"Hangesch\u00f6pftes Paper, Blattgold, Wachssiegel | Handmade Paper, gold leaf, waxseal\" alt=\"Hangesch\u00f6pftes Paper, Blattgold, Wachssiegel | Handmade Paper, gold leaf, waxseal\" loading=\"lazy\" \/>\t\t\t\t\t\t\t\t<\/a>\n\t\t\t\t\t\t\t\t\t\t\t\t\t\t\t<\/div>\n\t\t\t\t<\/div>\n\t\t\t\t\t<\/div>\n\t\t<\/div>\n\t\t\t\t\t<\/div>\n\t\t<\/section>\n\t\t\t\t\t<\/div>\n\t\t<\/div>\n\t\t\t\t<div class=\"elementor-column elementor-col-50 elementor-top-column elementor-element elementor-element-5a08af62\" data-id=\"5a08af62\" data-element_type=\"column\" data-e-type=\"column\">\n\t\t\t<div class=\"elementor-widget-wrap elementor-element-populated\">\n\t\t\t\t\t\t<div class=\"elementor-element elementor-element-a1b776d elementor-invisible elementor-widget elementor-widget-image\" data-id=\"a1b776d\" data-element_type=\"widget\" data-e-type=\"widget\" data-settings=\"{&quot;_animation&quot;:&quot;fadeIn&quot;,&quot;_animation_delay&quot;:300}\" data-widget_type=\"image.default\">\n\t\t\t\t<div class=\"elementor-widget-container\">\n\t\t\t\t\t\t\t\t\t\t\t\t\t\t\t\t<a href=\"http:\/\/malina-art.de\/wp-content\/uploads\/2023\/05\/Marvelous-magnolia_Mannheim-Opus-V-michelin-star-restaurant-wedding-Germany_Hochzeitsfotograf_destination-wedding-photographer-SELENE-ADORES_742__ROV1993-2-scaled.jpg\" data-elementor-open-lightbox=\"yes\" data-elementor-lightbox-title=\"Men\u00fckarte mit Letterpress und Namenskarte | Menue card with Letterpress and a name card\" data-e-action-hash=\"#elementor-action%3Aaction%3Dlightbox%26settings%3DeyJpZCI6Mjk2NCwidXJsIjoiaHR0cHM6XC9cL21hbGluYS1hcnQuZGVcL3dwLWNvbnRlbnRcL3VwbG9hZHNcLzIwMjNcLzA1XC9NYXJ2ZWxvdXMtbWFnbm9saWFfTWFubmhlaW0tT3B1cy1WLW1pY2hlbGluLXN0YXItcmVzdGF1cmFudC13ZWRkaW5nLUdlcm1hbnlfSG9jaHplaXRzZm90b2dyYWZfZGVzdGluYXRpb24td2VkZGluZy1waG90b2dyYXBoZXItU0VMRU5FLUFET1JFU183NDJfX1JPVjE5OTMtMi1zY2FsZWQuanBnIn0%3D\">\n\t\t\t\t\t\t\t<img decoding=\"async\" src=\"https:\/\/malina-art.de\/wp-content\/uploads\/2023\/05\/Marvelous-magnolia_Mannheim-Opus-V-michelin-star-restaurant-wedding-Germany_Hochzeitsfotograf_destination-wedding-photographer-SELENE-ADORES_742__ROV1993-2-scaled.jpg\" title=\"Men\u00fckarte mit Letterpress und Namenskarte | Menue card with Letterpress and a name card\" alt=\"Men\u00fckarte mit Letterpress und Namenskarte | Menue card with Letterpress and a name card\" loading=\"lazy\" \/>\t\t\t\t\t\t\t\t<\/a>\n\t\t\t\t\t\t\t\t\t\t\t\t\t\t\t<\/div>\n\t\t\t\t<\/div>\n\t\t\t\t<section class=\"elementor-section elementor-inner-section elementor-element elementor-element-57da4595 elementor-section-boxed elementor-section-height-default elementor-section-height-default\" data-id=\"57da4595\" data-element_type=\"section\" data-e-type=\"section\">\n\t\t\t\t\t\t<div class=\"elementor-container elementor-column-gap-no\">\n\t\t\t\t\t<div class=\"elementor-column elementor-col-100 elementor-inner-column elementor-element elementor-element-4ae3ca61\" data-id=\"4ae3ca61\" data-element_type=\"column\" data-e-type=\"column\">\n\t\t\t<div class=\"elementor-widget-wrap elementor-element-populated\">\n\t\t\t\t\t\t<div class=\"elementor-element elementor-element-a620a09 elementor-invisible elementor-widget elementor-widget-image\" data-id=\"a620a09\" data-element_type=\"widget\" data-e-type=\"widget\" data-settings=\"{&quot;_animation&quot;:&quot;fadeIn&quot;,&quot;_animation_delay&quot;:300}\" data-widget_type=\"image.default\">\n\t\t\t\t<div class=\"elementor-widget-container\">\n\t\t\t\t\t\t\t\t\t\t\t\t\t\t\t\t<a href=\"http:\/\/malina-art.de\/wp-content\/uploads\/2022\/09\/IMG_9095_jpg.jpg\" data-elementor-open-lightbox=\"yes\" data-elementor-lightbox-title=\"Namenskarten Namecard\" data-e-action-hash=\"#elementor-action%3Aaction%3Dlightbox%26settings%3DeyJpZCI6MjU3MiwidXJsIjoiaHR0cHM6XC9cL21hbGluYS1hcnQuZGVcL3dwLWNvbnRlbnRcL3VwbG9hZHNcLzIwMjJcLzA5XC9JTUdfOTA5NV9qcGcuanBnIn0%3D\">\n\t\t\t\t\t\t\t<img decoding=\"async\" src=\"https:\/\/malina-art.de\/wp-content\/uploads\/2022\/09\/IMG_9095_jpg.jpg\" title=\"Namenskarten Namecard\" alt=\"Namenskarten Namecard\" loading=\"lazy\" \/>\t\t\t\t\t\t\t\t<\/a>\n\t\t\t\t\t\t\t\t\t\t\t\t\t\t\t<\/div>\n\t\t\t\t<\/div>\n\t\t\t\t<div class=\"elementor-element elementor-element-28d1367 elementor-invisible elementor-widget elementor-widget-image\" data-id=\"28d1367\" data-element_type=\"widget\" data-e-type=\"widget\" data-settings=\"{&quot;_animation&quot;:&quot;fadeIn&quot;,&quot;_animation_delay&quot;:300}\" data-widget_type=\"image.default\">\n\t\t\t\t<div class=\"elementor-widget-container\">\n\t\t\t\t\t\t\t\t\t\t\t\t\t\t\t\t<a href=\"http:\/\/malina-art.de\/wp-content\/uploads\/2023\/09\/Bebi6-scaled.jpg\" data-elementor-open-lightbox=\"yes\" data-elementor-lightbox-title=\"Men\u00fc-, Getr\u00e4nke- und Namenskarten | Menue- Drinking- and name cards\" data-e-action-hash=\"#elementor-action%3Aaction%3Dlightbox%26settings%3DeyJpZCI6MzA3NywidXJsIjoiaHR0cHM6XC9cL21hbGluYS1hcnQuZGVcL3dwLWNvbnRlbnRcL3VwbG9hZHNcLzIwMjNcLzA5XC9CZWJpNi1zY2FsZWQuanBnIn0%3D\">\n\t\t\t\t\t\t\t<img decoding=\"async\" src=\"https:\/\/malina-art.de\/wp-content\/uploads\/2023\/09\/Bebi6-scaled.jpg\" title=\"Men\u00fc-, Getr\u00e4nke- und Namenskarten | Menue- Drinking- and name cards\" alt=\"Men\u00fc-, Getr\u00e4nke- und Namenskarten | Menue- Drinking- and name cards\" loading=\"lazy\" \/>\t\t\t\t\t\t\t\t<\/a>\n\t\t\t\t\t\t\t\t\t\t\t\t\t\t\t<\/div>\n\t\t\t\t<\/div>\n\t\t\t\t<div class=\"elementor-element elementor-element-d1acc76 elementor-invisible elementor-widget elementor-widget-image\" data-id=\"d1acc76\" data-element_type=\"widget\" data-e-type=\"widget\" data-settings=\"{&quot;_animation&quot;:&quot;fadeIn&quot;,&quot;_animation_delay&quot;:300}\" data-widget_type=\"image.default\">\n\t\t\t\t<div class=\"elementor-widget-container\">\n\t\t\t\t\t\t\t\t\t\t\t\t\t\t\t\t<a href=\"http:\/\/malina-art.de\/wp-content\/uploads\/2022\/04\/IMG_5080.png\" data-elementor-open-lightbox=\"yes\" data-elementor-lightbox-title=\"Namenskarten mit Samtschleife | Namecards with velvet ribbon\" data-e-action-hash=\"#elementor-action%3Aaction%3Dlightbox%26settings%3DeyJpZCI6NTQsInVybCI6Imh0dHBzOlwvXC9tYWxpbmEtYXJ0LmRlXC93cC1jb250ZW50XC91cGxvYWRzXC8yMDIyXC8wNFwvSU1HXzUwODAucG5nIn0%3D\">\n\t\t\t\t\t\t\t<img decoding=\"async\" src=\"https:\/\/malina-art.de\/wp-content\/uploads\/2022\/04\/IMG_5080.png\" title=\"Namenskarten mit Samtschleife | Namecards with velvet ribbon\" alt=\"Namenskarten mit Samtschleife | Namecards with velvet ribbon\" loading=\"lazy\" \/>\t\t\t\t\t\t\t\t<\/a>\n\t\t\t\t\t\t\t\t\t\t\t\t\t\t\t<\/div>\n\t\t\t\t<\/div>\n\t\t\t\t\t<\/div>\n\t\t<\/div>\n\t\t\t\t\t<\/div>\n\t\t<\/section>\n\t\t\t\t<section class=\"elementor-section elementor-inner-section elementor-element elementor-element-fc178f5 elementor-section-boxed elementor-section-height-default elementor-section-height-default\" data-id=\"fc178f5\" data-element_type=\"section\" data-e-type=\"section\">\n\t\t\t\t\t\t<div class=\"elementor-container elementor-column-gap-no\">\n\t\t\t\t\t<div class=\"elementor-column elementor-col-100 elementor-inner-column elementor-element elementor-element-ece41c2\" data-id=\"ece41c2\" data-element_type=\"column\" data-e-type=\"column\">\n\t\t\t<div class=\"elementor-widget-wrap elementor-element-populated\">\n\t\t\t\t\t\t<div class=\"elementor-element elementor-element-713ebdd elementor-invisible elementor-widget elementor-widget-image\" data-id=\"713ebdd\" data-element_type=\"widget\" data-e-type=\"widget\" data-settings=\"{&quot;_animation&quot;:&quot;fadeIn&quot;,&quot;_animation_delay&quot;:300}\" data-widget_type=\"image.default\">\n\t\t\t\t<div class=\"elementor-widget-container\">\n\t\t\t\t\t\t\t\t\t\t\t\t\t\t\t\t<a href=\"http:\/\/malina-art.de\/wp-content\/uploads\/2022\/09\/IMG_6028.jpeg\" data-elementor-open-lightbox=\"yes\" data-elementor-lightbox-title=\"Baptism party favors\" data-e-action-hash=\"#elementor-action%3Aaction%3Dlightbox%26settings%3DeyJpZCI6MjM3NSwidXJsIjoiaHR0cHM6XC9cL21hbGluYS1hcnQuZGVcL3dwLWNvbnRlbnRcL3VwbG9hZHNcLzIwMjJcLzA5XC9JTUdfNjAyOC5qcGVnIn0%3D\">\n\t\t\t\t\t\t\t<img decoding=\"async\" src=\"https:\/\/malina-art.de\/wp-content\/uploads\/2022\/09\/IMG_6028.jpeg\" title=\"Baptism party favors\" alt=\"Baptism party favors\" loading=\"lazy\" \/>\t\t\t\t\t\t\t\t<\/a>\n\t\t\t\t\t\t\t\t\t\t\t\t\t\t\t<\/div>\n\t\t\t\t<\/div>\n\t\t\t\t\t<\/div>\n\t\t<\/div>\n\t\t\t\t\t<\/div>\n\t\t<\/section>\n\t\t\t\t\t<\/div>\n\t\t<\/div>\n\t\t\t\t\t<\/div>\n\t\t<\/section>\n\t\t\t\t<\/div>","protected":false},"excerpt":{"rendered":"<p>&#8211; Unendliche M\u00f6glichkeiten &#8211; Day-Of Papeterie Day-Of Papeterie kann sehr vielf\u00e4ltig sein und die Tische aufwerten. Namenskarten, Men\u00fckarten oder Gastgeschenke werden begutachtet und begleiten eure Lieblingsmenschen den ganzen Tag. Die meiste Papeterie wird sogar als Andenken mitgenommen um sp\u00e4ter in Erinnerungen schwelgen zu k\u00f6nnen. ZUR ANFRAGE<\/p>","protected":false},"author":1,"featured_media":0,"parent":0,"menu_order":0,"comment_status":"closed","ping_status":"closed","template":"","meta":{"ocean_post_layout":"full-screen","ocean_both_sidebars_style":"","ocean_both_sidebars_content_width":0,"ocean_both_sidebars_sidebars_width":0,"ocean_sidebar":"0","ocean_second_sidebar":"0","ocean_disable_margins":"enable","ocean_add_body_class":"","ocean_shortcode_before_top_bar":"","ocean_shortcode_after_top_bar":"","ocean_shortcode_before_header":"","ocean_shortcode_after_header":"","ocean_has_shortcode":"","ocean_shortcode_after_title":"","ocean_shortcode_before_footer_widgets":"","ocean_shortcode_after_footer_widgets":"","ocean_shortcode_before_footer_bottom":"","ocean_shortcode_after_footer_bottom":"","ocean_display_top_bar":"off","ocean_display_header":"default","ocean_header_style":"","ocean_center_header_left_menu":"0","ocean_custom_header_template":"0","ocean_custom_logo":0,"ocean_custom_retina_logo":0,"ocean_custom_logo_max_width":0,"ocean_custom_logo_tablet_max_width":0,"ocean_custom_logo_mobile_max_width":0,"ocean_custom_logo_max_height":0,"ocean_custom_logo_tablet_max_height":0,"ocean_custom_logo_mobile_max_height":0,"ocean_header_custom_menu":"0","ocean_menu_typo_font_family":"0","ocean_menu_typo_font_subset":"","ocean_menu_typo_font_size":0,"ocean_menu_typo_font_size_tablet":0,"ocean_menu_typo_font_size_mobile":0,"ocean_menu_typo_font_size_unit":"px","ocean_menu_typo_font_weight":"","ocean_menu_typo_font_weight_tablet":"","ocean_menu_typo_font_weight_mobile":"","ocean_menu_typo_transform":"","ocean_menu_typo_transform_tablet":"","ocean_menu_typo_transform_mobile":"","ocean_menu_typo_line_height":0,"ocean_menu_typo_line_height_tablet":0,"ocean_menu_typo_line_height_mobile":0,"ocean_menu_typo_line_height_unit":"","ocean_menu_typo_spacing":0,"ocean_menu_typo_spacing_tablet":0,"ocean_menu_typo_spacing_mobile":0,"ocean_menu_typo_spacing_unit":"","ocean_menu_link_color":"","ocean_menu_link_color_hover":"","ocean_menu_link_color_active":"","ocean_menu_link_background":"","ocean_menu_link_hover_background":"","ocean_menu_link_active_background":"","ocean_menu_social_links_bg":"","ocean_menu_social_hover_links_bg":"","ocean_menu_social_links_color":"","ocean_menu_social_hover_links_color":"","ocean_disable_title":"on","ocean_disable_heading":"default","ocean_post_title":"","ocean_post_subheading":"","ocean_post_title_style":"","ocean_post_title_background_color":"","ocean_post_title_background":0,"ocean_post_title_bg_image_position":"","ocean_post_title_bg_image_attachment":"","ocean_post_title_bg_image_repeat":"","ocean_post_title_bg_image_size":"","ocean_post_title_height":0,"ocean_post_title_bg_overlay":0.5,"ocean_post_title_bg_overlay_color":"","ocean_disable_breadcrumbs":"default","ocean_breadcrumbs_color":"","ocean_breadcrumbs_separator_color":"","ocean_breadcrumbs_links_color":"","ocean_breadcrumbs_links_hover_color":"","ocean_display_footer_widgets":"default","ocean_display_footer_bottom":"off","ocean_custom_footer_template":"0","footnotes":""},"class_list":["post-209","page","type-page","status-publish","hentry","entry"],"_links":{"self":[{"href":"https:\/\/malina-art.de\/en\/wp-json\/wp\/v2\/pages\/209","targetHints":{"allow":["GET"]}}],"collection":[{"href":"https:\/\/malina-art.de\/en\/wp-json\/wp\/v2\/pages"}],"about":[{"href":"https:\/\/malina-art.de\/en\/wp-json\/wp\/v2\/types\/page"}],"author":[{"embeddable":true,"href":"https:\/\/malina-art.de\/en\/wp-json\/wp\/v2\/users\/1"}],"replies":[{"embeddable":true,"href":"https:\/\/malina-art.de\/en\/wp-json\/wp\/v2\/comments?post=209"}],"version-history":[{"count":76,"href":"https:\/\/malina-art.de\/en\/wp-json\/wp\/v2\/pages\/209\/revisions"}],"predecessor-version":[{"id":3275,"href":"https:\/\/malina-art.de\/en\/wp-json\/wp\/v2\/pages\/209\/revisions\/3275"}],"wp:attachment":[{"href":"https:\/\/malina-art.de\/en\/wp-json\/wp\/v2\/media?parent=209"}],"curies":[{"name":"wp","href":"https:\/\/api.w.org\/{rel}","templated":true}]}}