{"id":3035,"date":"2023-05-10T08:52:30","date_gmt":"2023-05-10T08:52:30","guid":{"rendered":"https:\/\/malina-art.de\/?page_id=3035"},"modified":"2023-05-10T08:58:56","modified_gmt":"2023-05-10T08:58:56","slug":"french-elegance","status":"publish","type":"page","link":"https:\/\/malina-art.de\/en\/french-elegance\/","title":{"rendered":"French Elegance"},"content":{"rendered":"<div data-elementor-type=\"wp-page\" data-elementor-id=\"3035\" class=\"elementor elementor-3035\">\n\t\t\t\t\t\t<section class=\"elementor-section elementor-top-section elementor-element elementor-element-51c3ac3 elementor-section-content-middle envato-kit-141 elementor-section-boxed elementor-section-height-default elementor-section-height-default\" data-id=\"51c3ac3\" data-element_type=\"section\" data-e-type=\"section\" data-settings=\"{&quot;background_background&quot;:&quot;classic&quot;}\">\n\t\t\t\t\t\t\t<div class=\"elementor-background-overlay\"><\/div>\n\t\t\t\t\t\t\t<div class=\"elementor-container elementor-column-gap-wide\">\n\t\t\t\t\t<div class=\"elementor-column elementor-col-100 elementor-top-column elementor-element elementor-element-1244919\" data-id=\"1244919\" data-element_type=\"column\" data-e-type=\"column\">\n\t\t\t<div class=\"elementor-widget-wrap elementor-element-populated\">\n\t\t\t\t\t\t<div class=\"elementor-element elementor-element-af6aefd elementor-invisible elementor-widget elementor-widget-heading\" data-id=\"af6aefd\" data-element_type=\"widget\" data-e-type=\"widget\" data-settings=\"{&quot;_animation&quot;:&quot;fadeIn&quot;,&quot;_animation_delay&quot;:50}\" data-widget_type=\"heading.default\">\n\t\t\t\t<div class=\"elementor-widget-container\">\n\t\t\t\t\t<h2 class=\"elementor-heading-title elementor-size-default\">a journey to france <\/h2>\t\t\t\t<\/div>\n\t\t\t\t<\/div>\n\t\t\t\t<div class=\"elementor-element elementor-element-2e0b6d2 elementor-invisible elementor-widget elementor-widget-heading\" data-id=\"2e0b6d2\" data-element_type=\"widget\" data-e-type=\"widget\" data-settings=\"{&quot;_animation&quot;:&quot;fadeIn&quot;,&quot;_animation_delay&quot;:100}\" data-widget_type=\"heading.default\">\n\t\t\t\t<div class=\"elementor-widget-container\">\n\t\t\t\t\t<h2 class=\"elementor-heading-title elementor-size-default\">French Elegance<\/h2>\t\t\t\t<\/div>\n\t\t\t\t<\/div>\n\t\t\t\t<div class=\"elementor-element elementor-element-df20c0b elementor-widget-divider--view-line elementor-invisible elementor-widget elementor-widget-divider\" data-id=\"df20c0b\" data-element_type=\"widget\" data-e-type=\"widget\" data-settings=\"{&quot;_animation&quot;:&quot;fadeIn&quot;,&quot;_animation_delay&quot;:300}\" data-widget_type=\"divider.default\">\n\t\t\t\t<div class=\"elementor-widget-container\">\n\t\t\t\t\t\t\t<div class=\"elementor-divider\">\n\t\t\t<span class=\"elementor-divider-separator\">\n\t\t\t\t\t\t<\/span>\n\t\t<\/div>\n\t\t\t\t\t\t<\/div>\n\t\t\t\t<\/div>\n\t\t\t\t<div class=\"elementor-element elementor-element-ed260c3 elementor-invisible elementor-widget elementor-widget-heading\" data-id=\"ed260c3\" data-element_type=\"widget\" data-e-type=\"widget\" data-settings=\"{&quot;_animation&quot;:&quot;fadeIn&quot;,&quot;_animation_delay&quot;:150}\" data-widget_type=\"heading.default\">\n\t\t\t\t<div class=\"elementor-widget-container\">\n\t\t\t\t\t<h2 class=\"elementor-heading-title elementor-size-default\">The Toile de Jouy pattern and the blind embossing on the edge of the main card give this stationery an exclusive look. In addition, the handmade paper and the velvet ribbon also play an important role when the invitation is explored with the hands. Other highlights are the white print on transparent paper, which also has a punched cutting at the top to make it easier to pull out the inside. The ivory-coloured seal is finished with gold accents.<\/h2>\t\t\t\t<\/div>\n\t\t\t\t<\/div>\n\t\t\t\t\t<\/div>\n\t\t<\/div>\n\t\t\t\t\t<\/div>\n\t\t<\/section>\n\t\t\t\t<section class=\"elementor-section elementor-top-section elementor-element elementor-element-1b60656 envato-kit-141 elementor-section-boxed elementor-section-height-default elementor-section-height-default\" data-id=\"1b60656\" data-element_type=\"section\" data-e-type=\"section\" data-settings=\"{&quot;background_background&quot;:&quot;classic&quot;}\">\n\t\t\t\t\t\t\t<div class=\"elementor-background-overlay\"><\/div>\n\t\t\t\t\t\t\t<div class=\"elementor-container elementor-column-gap-no\">\n\t\t\t\t\t<div class=\"elementor-column elementor-col-50 elementor-top-column elementor-element elementor-element-968a999\" data-id=\"968a999\" data-element_type=\"column\" data-e-type=\"column\">\n\t\t\t<div class=\"elementor-widget-wrap elementor-element-populated\">\n\t\t\t\t\t\t<div class=\"elementor-element elementor-element-bc818e6 elementor-invisible elementor-widget elementor-widget-image\" data-id=\"bc818e6\" data-element_type=\"widget\" data-e-type=\"widget\" data-settings=\"{&quot;_animation&quot;:&quot;fadeIn&quot;,&quot;_animation_delay&quot;:100}\" data-widget_type=\"image.default\">\n\t\t\t\t<div class=\"elementor-widget-container\">\n\t\t\t\t\t\t\t\t\t\t\t\t\t\t\t\t<a href=\"http:\/\/malina-art.de\/wp-content\/uploads\/2022\/04\/IMG_4884.png\" data-elementor-open-lightbox=\"yes\" data-elementor-lightbox-title=\"french elegance\" data-e-action-hash=\"#elementor-action%3Aaction%3Dlightbox%26settings%3DeyJpZCI6NTUsInVybCI6Imh0dHBzOlwvXC9tYWxpbmEtYXJ0LmRlXC93cC1jb250ZW50XC91cGxvYWRzXC8yMDIyXC8wNFwvSU1HXzQ4ODQucG5nIn0%3D\">\n\t\t\t\t\t\t\t<img decoding=\"async\" src=\"https:\/\/malina-art.de\/wp-content\/uploads\/2022\/04\/IMG_4884.png\" title=\"french elegance\" alt=\"french elegance\" loading=\"lazy\" \/>\t\t\t\t\t\t\t\t<\/a>\n\t\t\t\t\t\t\t\t\t\t\t\t\t\t\t<\/div>\n\t\t\t\t<\/div>\n\t\t\t\t<div class=\"elementor-element elementor-element-21c3821 elementor-widget elementor-widget-image\" data-id=\"21c3821\" data-element_type=\"widget\" data-e-type=\"widget\" data-widget_type=\"image.default\">\n\t\t\t\t<div class=\"elementor-widget-container\">\n\t\t\t\t\t\t\t\t\t\t\t\t\t\t\t\t<a href=\"http:\/\/malina-art.de\/wp-content\/uploads\/2022\/04\/IMG_5100-scaled.jpg\" data-elementor-open-lightbox=\"yes\" data-elementor-lightbox-title=\"Rand mit Blindpraegung | Border with blind embossing\" data-e-action-hash=\"#elementor-action%3Aaction%3Dlightbox%26settings%3DeyJpZCI6MjQwLCJ1cmwiOiJodHRwczpcL1wvbWFsaW5hLWFydC5kZVwvd3AtY29udGVudFwvdXBsb2Fkc1wvMjAyMlwvMDRcL0lNR181MTAwLXNjYWxlZC5qcGcifQ%3D%3D\">\n\t\t\t\t\t\t\t<img fetchpriority=\"high\" decoding=\"async\" width=\"768\" height=\"1024\" src=\"https:\/\/malina-art.de\/wp-content\/uploads\/2022\/04\/IMG_5100-768x1024.jpg\" class=\"attachment-large size-large wp-image-240\" alt=\"\" srcset=\"https:\/\/malina-art.de\/wp-content\/uploads\/2022\/04\/IMG_5100-768x1024.jpg 768w, https:\/\/malina-art.de\/wp-content\/uploads\/2022\/04\/IMG_5100-225x300.jpg 225w, https:\/\/malina-art.de\/wp-content\/uploads\/2022\/04\/IMG_5100-1152x1536.jpg 1152w, https:\/\/malina-art.de\/wp-content\/uploads\/2022\/04\/IMG_5100-1536x2048.jpg 1536w, https:\/\/malina-art.de\/wp-content\/uploads\/2022\/04\/IMG_5100-scaled.jpg 1920w\" sizes=\"(max-width: 768px) 100vw, 768px\" \/>\t\t\t\t\t\t\t\t<\/a>\n\t\t\t\t\t\t\t\t\t\t\t\t\t\t\t<\/div>\n\t\t\t\t<\/div>\n\t\t\t\t<div class=\"elementor-element elementor-element-148af11 elementor-invisible elementor-widget elementor-widget-image\" data-id=\"148af11\" data-element_type=\"widget\" data-e-type=\"widget\" data-settings=\"{&quot;_animation&quot;:&quot;fadeIn&quot;,&quot;_animation_delay&quot;:400}\" data-widget_type=\"image.default\">\n\t\t\t\t<div class=\"elementor-widget-container\">\n\t\t\t\t\t\t\t\t\t\t\t\t\t\t\t\t<a href=\"http:\/\/malina-art.de\/wp-content\/uploads\/2022\/08\/Bil-scaled.jpg\" data-elementor-open-lightbox=\"yes\" data-elementor-lightbox-title=\"french elegance no2\" data-e-action-hash=\"#elementor-action%3Aaction%3Dlightbox%26settings%3DeyJpZCI6MTEwOSwidXJsIjoiaHR0cHM6XC9cL21hbGluYS1hcnQuZGVcL3dwLWNvbnRlbnRcL3VwbG9hZHNcLzIwMjJcLzA4XC9CaWwtc2NhbGVkLmpwZyJ9\">\n\t\t\t\t\t\t\t<img decoding=\"async\" src=\"https:\/\/malina-art.de\/wp-content\/uploads\/2022\/08\/Bil-scaled.jpg\" title=\"french elegance no2\" alt=\"french elegance no2\" loading=\"lazy\" \/>\t\t\t\t\t\t\t\t<\/a>\n\t\t\t\t\t\t\t\t\t\t\t\t\t\t\t<\/div>\n\t\t\t\t<\/div>\n\t\t\t\t\t<\/div>\n\t\t<\/div>\n\t\t\t\t<div class=\"elementor-column elementor-col-50 elementor-top-column elementor-element elementor-element-c567ade\" data-id=\"c567ade\" data-element_type=\"column\" data-e-type=\"column\">\n\t\t\t<div class=\"elementor-widget-wrap elementor-element-populated\">\n\t\t\t\t\t\t<div class=\"elementor-element elementor-element-512abb0 elementor-invisible elementor-widget elementor-widget-image\" data-id=\"512abb0\" data-element_type=\"widget\" data-e-type=\"widget\" data-settings=\"{&quot;_animation&quot;:&quot;fadeIn&quot;,&quot;_animation_delay&quot;:200}\" data-widget_type=\"image.default\">\n\t\t\t\t<div class=\"elementor-widget-container\">\n\t\t\t\t\t\t\t\t\t\t\t\t\t\t\t\t<a href=\"http:\/\/malina-art.de\/wp-content\/uploads\/2022\/08\/IMG_4893-scaled.jpg\" data-elementor-open-lightbox=\"yes\" data-elementor-lightbox-title=\"french elegance no1\" data-e-action-hash=\"#elementor-action%3Aaction%3Dlightbox%26settings%3DeyJpZCI6MTEwOCwidXJsIjoiaHR0cHM6XC9cL21hbGluYS1hcnQuZGVcL3dwLWNvbnRlbnRcL3VwbG9hZHNcLzIwMjJcLzA4XC9JTUdfNDg5My1zY2FsZWQuanBnIn0%3D\">\n\t\t\t\t\t\t\t<img decoding=\"async\" src=\"https:\/\/malina-art.de\/wp-content\/uploads\/2022\/08\/IMG_4893-scaled.jpg\" title=\"french elegance no1\" alt=\"french elegance no1\" loading=\"lazy\" \/>\t\t\t\t\t\t\t\t<\/a>\n\t\t\t\t\t\t\t\t\t\t\t\t\t\t\t<\/div>\n\t\t\t\t<\/div>\n\t\t\t\t<section class=\"elementor-section elementor-inner-section elementor-element elementor-element-9321740 elementor-section-boxed elementor-section-height-default elementor-section-height-default\" data-id=\"9321740\" data-element_type=\"section\" data-e-type=\"section\">\n\t\t\t\t\t\t<div class=\"elementor-container elementor-column-gap-no\">\n\t\t\t\t\t<div class=\"elementor-column elementor-col-100 elementor-inner-column elementor-element elementor-element-a8f5acd\" data-id=\"a8f5acd\" data-element_type=\"column\" data-e-type=\"column\">\n\t\t\t<div class=\"elementor-widget-wrap elementor-element-populated\">\n\t\t\t\t\t\t<div class=\"elementor-element elementor-element-076d9c7 elementor-invisible elementor-widget elementor-widget-image\" data-id=\"076d9c7\" data-element_type=\"widget\" data-e-type=\"widget\" data-settings=\"{&quot;_animation&quot;:&quot;fadeIn&quot;,&quot;_animation_delay&quot;:300}\" data-widget_type=\"image.default\">\n\t\t\t\t<div class=\"elementor-widget-container\">\n\t\t\t\t\t\t\t\t\t\t\t\t\t\t\t\t<a href=\"http:\/\/malina-art.de\/wp-content\/uploads\/2022\/05\/IMG_4866-scaled.jpg\" data-elementor-open-lightbox=\"yes\" data-elementor-lightbox-title=\"Transparenthuelle mit Wei\u00dfdruck, Envelopliner, RSVP-Umschlag aus handgeschoepftem Papier | Vellum wrap with white printing, Envelop liner, RSVP envelope made from handmade paper\" data-e-action-hash=\"#elementor-action%3Aaction%3Dlightbox%26settings%3DeyJpZCI6MzI4LCJ1cmwiOiJodHRwczpcL1wvbWFsaW5hLWFydC5kZVwvd3AtY29udGVudFwvdXBsb2Fkc1wvMjAyMlwvMDVcL0lNR180ODY2LXNjYWxlZC5qcGcifQ%3D%3D\">\n\t\t\t\t\t\t\t<img decoding=\"async\" src=\"https:\/\/malina-art.de\/wp-content\/uploads\/2022\/05\/IMG_4866-scaled.jpg\" title=\"Transparenthuelle mit Wei\u00dfdruck, Envelopliner, RSVP-Umschlag aus handgeschoepftem Papier | Vellum wrap with white printing, Envelop liner, RSVP envelope made from handmade paper\" alt=\"Transparenthuelle mit Wei\u00dfdruck, Envelopliner, RSVP-Umschlag aus handgeschoepftem Papier | Vellum wrap with white printing, Envelop liner, RSVP envelope made from handmade paper\" loading=\"lazy\" \/>\t\t\t\t\t\t\t\t<\/a>\n\t\t\t\t\t\t\t\t\t\t\t\t\t\t\t<\/div>\n\t\t\t\t<\/div>\n\t\t\t\t\t<\/div>\n\t\t<\/div>\n\t\t\t\t\t<\/div>\n\t\t<\/section>\n\t\t\t\t<div class=\"elementor-element elementor-element-38aed72 elementor-invisible elementor-widget elementor-widget-image\" data-id=\"38aed72\" data-element_type=\"widget\" data-e-type=\"widget\" data-settings=\"{&quot;_animation&quot;:&quot;fadeIn&quot;,&quot;_animation_delay&quot;:300}\" data-widget_type=\"image.default\">\n\t\t\t\t<div class=\"elementor-widget-container\">\n\t\t\t\t\t\t\t\t\t\t\t\t\t\t\t\t<a href=\"http:\/\/malina-art.de\/wp-content\/uploads\/2022\/05\/IMG_5090-scaled.jpg\" data-elementor-open-lightbox=\"yes\" data-elementor-lightbox-title=\"Namenskarten mit Samtband | Name card with Velvet ribbon\" data-e-action-hash=\"#elementor-action%3Aaction%3Dlightbox%26settings%3DeyJpZCI6MzMzLCJ1cmwiOiJodHRwczpcL1wvbWFsaW5hLWFydC5kZVwvd3AtY29udGVudFwvdXBsb2Fkc1wvMjAyMlwvMDVcL0lNR181MDkwLXNjYWxlZC5qcGcifQ%3D%3D\">\n\t\t\t\t\t\t\t<img decoding=\"async\" src=\"https:\/\/malina-art.de\/wp-content\/uploads\/2022\/05\/IMG_5090-scaled.jpg\" title=\"Namenskarten mit Samtband | Name card with Velvet ribbon\" alt=\"Namenskarten mit Samtband | Name card with Velvet ribbon\" loading=\"lazy\" \/>\t\t\t\t\t\t\t\t<\/a>\n\t\t\t\t\t\t\t\t\t\t\t\t\t\t\t<\/div>\n\t\t\t\t<\/div>\n\t\t\t\t\t<\/div>\n\t\t<\/div>\n\t\t\t\t\t<\/div>\n\t\t<\/section>\n\t\t\t\t<\/div>","protected":false},"excerpt":{"rendered":"<p>&#8211; eine reise nach Frankreich &#8211; French Elegance Durch das Toile de Jouy-Muster und der Blindpr\u00e4gung am Rand der Hauptkarte bekommt diese Papeterie einen exklusiven Look. Zudem spielt das handgesch\u00f6pfte Papier und das Samtband ebenfalls eine wichtige Rolle, wenn die Einladung mit den H\u00e4nden erforscht wird. Weitere Highlights ist der Wei\u00dfdruck auf Transparentpapier, welches zus\u00e4tzlich [&hellip;]<\/p>\n","protected":false},"author":1,"featured_media":0,"parent":0,"menu_order":0,"comment_status":"closed","ping_status":"closed","template":"","meta":{"ocean_post_layout":"full-screen","ocean_both_sidebars_style":"","ocean_both_sidebars_content_width":0,"ocean_both_sidebars_sidebars_width":0,"ocean_sidebar":"0","ocean_second_sidebar":"0","ocean_disable_margins":"enable","ocean_add_body_class":"","ocean_shortcode_before_top_bar":"","ocean_shortcode_after_top_bar":"","ocean_shortcode_before_header":"","ocean_shortcode_after_header":"","ocean_has_shortcode":"","ocean_shortcode_after_title":"","ocean_shortcode_before_footer_widgets":"","ocean_shortcode_after_footer_widgets":"","ocean_shortcode_before_footer_bottom":"","ocean_shortcode_after_footer_bottom":"","ocean_display_top_bar":"off","ocean_display_header":"default","ocean_header_style":"","ocean_center_header_left_menu":"0","ocean_custom_header_template":"0","ocean_custom_logo":0,"ocean_custom_retina_logo":0,"ocean_custom_logo_max_width":0,"ocean_custom_logo_tablet_max_width":0,"ocean_custom_logo_mobile_max_width":0,"ocean_custom_logo_max_height":0,"ocean_custom_logo_tablet_max_height":0,"ocean_custom_logo_mobile_max_height":0,"ocean_header_custom_menu":"0","ocean_menu_typo_font_family":"0","ocean_menu_typo_font_subset":"","ocean_menu_typo_font_size":0,"ocean_menu_typo_font_size_tablet":0,"ocean_menu_typo_font_size_mobile":0,"ocean_menu_typo_font_size_unit":"px","ocean_menu_typo_font_weight":"","ocean_menu_typo_font_weight_tablet":"","ocean_menu_typo_font_weight_mobile":"","ocean_menu_typo_transform":"","ocean_menu_typo_transform_tablet":"","ocean_menu_typo_transform_mobile":"","ocean_menu_typo_line_height":0,"ocean_menu_typo_line_height_tablet":0,"ocean_menu_typo_line_height_mobile":0,"ocean_menu_typo_line_height_unit":"","ocean_menu_typo_spacing":0,"ocean_menu_typo_spacing_tablet":0,"ocean_menu_typo_spacing_mobile":0,"ocean_menu_typo_spacing_unit":"","ocean_menu_link_color":"","ocean_menu_link_color_hover":"","ocean_menu_link_color_active":"","ocean_menu_link_background":"","ocean_menu_link_hover_background":"","ocean_menu_link_active_background":"","ocean_menu_social_links_bg":"","ocean_menu_social_hover_links_bg":"","ocean_menu_social_links_color":"","ocean_menu_social_hover_links_color":"","ocean_disable_title":"default","ocean_disable_heading":"default","ocean_post_title":"","ocean_post_subheading":"","ocean_post_title_style":"","ocean_post_title_background_color":"","ocean_post_title_background":0,"ocean_post_title_bg_image_position":"","ocean_post_title_bg_image_attachment":"","ocean_post_title_bg_image_repeat":"","ocean_post_title_bg_image_size":"","ocean_post_title_height":0,"ocean_post_title_bg_overlay":0.5,"ocean_post_title_bg_overlay_color":"","ocean_disable_breadcrumbs":"default","ocean_breadcrumbs_color":"","ocean_breadcrumbs_separator_color":"","ocean_breadcrumbs_links_color":"","ocean_breadcrumbs_links_hover_color":"","ocean_display_footer_widgets":"default","ocean_display_footer_bottom":"off","ocean_custom_footer_template":"0","footnotes":""},"class_list":["post-3035","page","type-page","status-publish","hentry","entry"],"_links":{"self":[{"href":"https:\/\/malina-art.de\/en\/wp-json\/wp\/v2\/pages\/3035","targetHints":{"allow":["GET"]}}],"collection":[{"href":"https:\/\/malina-art.de\/en\/wp-json\/wp\/v2\/pages"}],"about":[{"href":"https:\/\/malina-art.de\/en\/wp-json\/wp\/v2\/types\/page"}],"author":[{"embeddable":true,"href":"https:\/\/malina-art.de\/en\/wp-json\/wp\/v2\/users\/1"}],"replies":[{"embeddable":true,"href":"https:\/\/malina-art.de\/en\/wp-json\/wp\/v2\/comments?post=3035"}],"version-history":[{"count":6,"href":"https:\/\/malina-art.de\/en\/wp-json\/wp\/v2\/pages\/3035\/revisions"}],"predecessor-version":[{"id":3174,"href":"https:\/\/malina-art.de\/en\/wp-json\/wp\/v2\/pages\/3035\/revisions\/3174"}],"wp:attachment":[{"href":"https:\/\/malina-art.de\/en\/wp-json\/wp\/v2\/media?parent=3035"}],"curies":[{"name":"wp","href":"https:\/\/api.w.org\/{rel}","templated":true}]}}